{"id":236,"date":"2026-01-06T21:37:53","date_gmt":"2026-01-06T20:37:53","guid":{"rendered":"https:\/\/gitedurelais.com\/?page_id=236"},"modified":"2026-03-15T21:48:38","modified_gmt":"2026-03-15T20:48:38","slug":"activites-alentours","status":"publish","type":"page","link":"https:\/\/gitedurelais.com\/index.php\/activites-alentours\/","title":{"rendered":"Activit\u00e9s Alentours"},"content":{"rendered":"\t\t<div data-elementor-type=\"wp-page\" data-elementor-id=\"236\" class=\"elementor elementor-236\">\n\t\t\t\t\t\t<section class=\"elementor-section elementor-top-section elementor-element elementor-element-61502a6 elementor-section-boxed elementor-section-height-default elementor-section-height-default\" data-id=\"61502a6\" data-element_type=\"section\">\n\t\t\t\t\t\t<div class=\"elementor-container elementor-column-gap-default\">\n\t\t\t\t\t<div class=\"elementor-column elementor-col-100 elementor-top-column elementor-element elementor-element-762b4a6\" data-id=\"762b4a6\" data-element_type=\"column\">\n\t\t\t<div class=\"elementor-widget-wrap elementor-element-populated\">\n\t\t\t\t\t\t<div class=\"elementor-element elementor-element-1df0a09 elementor-widget elementor-widget-image\" data-id=\"1df0a09\" data-element_type=\"widget\" data-widget_type=\"image.default\">\n\t\t\t\t<div class=\"elementor-widget-container\">\n\t\t\t\t\t\t\t\t\t\t\t\t\t\t\t<img fetchpriority=\"high\" decoding=\"async\" width=\"768\" height=\"431\" src=\"https:\/\/gitedurelais.com\/wp-content\/uploads\/2026\/03\/Image-act-768x431.jpg\" class=\"attachment-medium_large size-medium_large wp-image-278\" alt=\"\" srcset=\"https:\/\/gitedurelais.com\/wp-content\/uploads\/2026\/03\/Image-act-768x431.jpg 768w, https:\/\/gitedurelais.com\/wp-content\/uploads\/2026\/03\/Image-act-300x169.jpg 300w, https:\/\/gitedurelais.com\/wp-content\/uploads\/2026\/03\/Image-act-1024x575.jpg 1024w, https:\/\/gitedurelais.com\/wp-content\/uploads\/2026\/03\/Image-act-1536x863.jpg 1536w, https:\/\/gitedurelais.com\/wp-content\/uploads\/2026\/03\/Image-act-2048x1151.jpg 2048w\" sizes=\"(max-width: 768px) 100vw, 768px\" \/>\t\t\t\t\t\t\t\t\t\t\t\t\t\t\t<\/div>\n\t\t\t\t<\/div>\n\t\t\t\t\t<\/div>\n\t\t<\/div>\n\t\t\t\t\t<\/div>\n\t\t<\/section>\n\t\t\t\t<section class=\"elementor-section elementor-top-section elementor-element elementor-element-9a18431 elementor-section-boxed elementor-section-height-default elementor-section-height-default\" data-id=\"9a18431\" data-element_type=\"section\">\n\t\t\t\t\t\t<div class=\"elementor-container elementor-column-gap-default\">\n\t\t\t\t\t<div class=\"elementor-column elementor-col-100 elementor-top-column elementor-element elementor-element-7744c4a\" data-id=\"7744c4a\" data-element_type=\"column\">\n\t\t\t<div class=\"elementor-widget-wrap elementor-element-populated\">\n\t\t\t\t\t\t<div class=\"elementor-element elementor-element-a3119a9 elementor-widget elementor-widget-heading\" data-id=\"a3119a9\" data-element_type=\"widget\" data-widget_type=\"heading.default\">\n\t\t\t\t<div class=\"elementor-widget-container\">\n\t\t\t\t\t<h2 class=\"elementor-heading-title elementor-size-default\">Activit\u00e9s Alentours<\/h2>\t\t\t\t<\/div>\n\t\t\t\t<\/div>\n\t\t\t\t\t<\/div>\n\t\t<\/div>\n\t\t\t\t\t<\/div>\n\t\t<\/section>\n\t\t\t\t<section class=\"elementor-section elementor-top-section elementor-element elementor-element-a3ba163 elementor-section-boxed elementor-section-height-default elementor-section-height-default\" data-id=\"a3ba163\" data-element_type=\"section\">\n\t\t\t\t\t\t<div class=\"elementor-container elementor-column-gap-no\">\n\t\t\t\t\t<div class=\"elementor-column elementor-col-100 elementor-top-column elementor-element elementor-element-05f44ce\" data-id=\"05f44ce\" data-element_type=\"column\">\n\t\t\t<div class=\"elementor-widget-wrap elementor-element-populated\">\n\t\t\t\t\t\t<div class=\"elementor-element elementor-element-b48f37c elementor-widget elementor-widget-text-editor\" data-id=\"b48f37c\" data-element_type=\"widget\" data-widget_type=\"text-editor.default\">\n\t\t\t\t<div class=\"elementor-widget-container\">\n\t\t\t\t\t\t\t\t\t<p><span style=\"background-color: oklch(0.9798 0.005 78.3); color: oklch(0.2642 0.013 93.9); font-family: pplxSerif, pplxSerif, ui-serif, Georgia, Cambria, 'Hiragino Mincho ProN', 'Yu Mincho', 'Songti SC', SimSun, 'Songti TC', PMingLiU, 'Songti TC', MingLiU_HKSCS, 'Songti TC', PMingLiU, AppleMyungjo, Batang, serif; font-size: 16px;\">Retrouvez de nombreuses activit\u00e9s \u00e0 proximit\u00e9 pour d\u00e9couvrir notre belle r\u00e9gion et vous ressourcer : plans d\u2019eau, sentiers de randonn\u00e9e, longue v\u00e9lovoie et vastes for\u00eats pour de superbes escapades au vert.<br \/><\/span><\/p><p class=\"my-2 [&amp;+p]:mt-4 [&amp;_strong:has(+br)]:inline-block [&amp;_strong:has(+br)]:pb-2\" style=\"border-style: solid; border-width: 0px; border-color: oklch(0.2642 0.013 93.9 \/ 0.14); scrollbar-color: initial; scrollbar-width: initial; --tw-border-spacing-x: 0; --tw-border-spacing-y: 0; --tw-translate-x: 0; --tw-translate-y: 0; --tw-rotate: 0; --tw-skew-x: 0; --tw-skew-y: 0; --tw-scale-x: 1; --tw-scale-y: 1; --tw-scroll-snap-strictness: proximity; --tw-ring-offset-width: 0px; --tw-ring-offset-color: #fff; --tw-ring-color: #3b82f680; --tw-ring-offset-shadow: 0 0 #0000; --tw-ring-shadow: 0 0 #0000; --tw-shadow: 0 0 #0000; --tw-shadow-colored: 0 0 #0000; margin-right: 0px; margin-bottom: 0.5rem; margin-left: 0px; color: oklch(0.2642 0.013 93.9); font-family: pplxSerif, pplxSerif, ui-serif, Georgia, Cambria, 'Hiragino Mincho ProN', 'Yu Mincho', 'Songti SC', SimSun, 'Songti TC', PMingLiU, 'Songti TC', MingLiU_HKSCS, 'Songti TC', PMingLiU, AppleMyungjo, Batang, serif; font-size: 16px; background-color: oklch(0.9798 0.005 78.3);\">Nous vous indiquerons \u00e9galement nos meilleures adresses pour des d\u00e9gustations de champagne, des parcours d\u2019accrobranche et bien d\u2019autres activit\u00e9s pour les grands comme pour les petits.<\/p><p class=\"my-2 [&amp;+p]:mt-4 [&amp;_strong:has(+br)]:inline-block [&amp;_strong:has(+br)]:pb-2\" style=\"border-style: solid; border-width: 0px; border-color: oklch(0.2642 0.013 93.9 \/ 0.14); scrollbar-color: initial; scrollbar-width: initial; --tw-border-spacing-x: 0; --tw-border-spacing-y: 0; --tw-translate-x: 0; --tw-translate-y: 0; --tw-rotate: 0; --tw-skew-x: 0; --tw-skew-y: 0; --tw-scale-x: 1; --tw-scale-y: 1; --tw-scroll-snap-strictness: proximity; --tw-ring-offset-width: 0px; --tw-ring-offset-color: #fff; --tw-ring-color: #3b82f680; --tw-ring-offset-shadow: 0 0 #0000; --tw-ring-shadow: 0 0 #0000; --tw-shadow: 0 0 #0000; --tw-shadow-colored: 0 0 #0000; margin: 1rem 0px 0.5rem; color: oklch(0.2642 0.013 93.9); font-family: pplxSerif, pplxSerif, ui-serif, Georgia, Cambria, 'Hiragino Mincho ProN', 'Yu Mincho', 'Songti SC', SimSun, 'Songti TC', PMingLiU, 'Songti TC', MingLiU_HKSCS, 'Songti TC', PMingLiU, AppleMyungjo, Batang, serif; font-size: 16px; background-color: oklch(0.9798 0.005 78.3);\">Vous pourrez aussi profiter de sorties nature (observations, balades en for\u00eat), d\u2019activit\u00e9s nautiques sur les lacs environnants, ainsi que de visites culturelles et gourmandes chez les producteurs locaux.<\/p><p class=\"my-2 [&amp;+p]:mt-4 [&amp;_strong:has(+br)]:inline-block [&amp;_strong:has(+br)]:pb-2\" style=\"border-style: solid; border-width: 0px; border-color: oklch(0.2642 0.013 93.9 \/ 0.14); scrollbar-color: initial; scrollbar-width: initial; --tw-border-spacing-x: 0; --tw-border-spacing-y: 0; --tw-translate-x: 0; --tw-translate-y: 0; --tw-rotate: 0; --tw-skew-x: 0; --tw-skew-y: 0; --tw-scale-x: 1; --tw-scale-y: 1; --tw-scroll-snap-strictness: proximity; --tw-ring-offset-width: 0px; --tw-ring-offset-color: #fff; --tw-ring-color: #3b82f680; --tw-ring-offset-shadow: 0 0 #0000; --tw-ring-shadow: 0 0 #0000; --tw-shadow: 0 0 #0000; --tw-shadow-colored: 0 0 #0000; margin: 1rem 0px 0px; color: oklch(0.2642 0.013 93.9); font-family: pplxSerif, pplxSerif, ui-serif, Georgia, Cambria, 'Hiragino Mincho ProN', 'Yu Mincho', 'Songti SC', SimSun, 'Songti TC', PMingLiU, 'Songti TC', MingLiU_HKSCS, 'Songti TC', PMingLiU, AppleMyungjo, Batang, serif; font-size: 16px; background-color: oklch(0.9798 0.005 78.3);\">N\u2019h\u00e9sitez pas \u00e0 nous demander conseil : nous serons ravis de vous aider \u00e0 organiser vos journ\u00e9es selon vos envies.<\/p><p style=\"border-style: solid; border-width: 0px; border-color: oklch(0.2642 0.013 93.9 \/ 0.14); scrollbar-color: initial; scrollbar-width: initial; --tw-border-spacing-x: 0; --tw-border-spacing-y: 0; --tw-translate-x: 0; --tw-translate-y: 0; --tw-rotate: 0; --tw-skew-x: 0; --tw-skew-y: 0; --tw-scale-x: 1; --tw-scale-y: 1; --tw-scroll-snap-strictness: proximity; --tw-ring-offset-width: 0px; --tw-ring-offset-color: #fff; --tw-ring-color: #3b82f680; --tw-ring-offset-shadow: 0 0 #0000; --tw-ring-shadow: 0 0 #0000; --tw-shadow: 0 0 #0000; --tw-shadow-colored: 0 0 #0000; margin-top: 1rem; margin-right: 0px; margin-left: 0px; color: oklch(0.2642 0.013 93.9); font-family: pplxSerif, pplxSerif, ui-serif, Georgia, Cambria, 'Hiragino Mincho ProN', 'Yu Mincho', 'Songti SC', SimSun, 'Songti TC', PMingLiU, 'Songti TC', MingLiU_HKSCS, 'Songti TC', PMingLiU, AppleMyungjo, Batang, serif; font-size: 16px; background-color: oklch(0.9798 0.005 78.3);\">La gare la plus proche se situe \u00e0 seulement 29 km.<\/p>\t\t\t\t\t\t\t\t<\/div>\n\t\t\t\t<\/div>\n\t\t\t\t\t<\/div>\n\t\t<\/div>\n\t\t\t\t\t<\/div>\n\t\t<\/section>\n\t\t\t\t<section class=\"elementor-section elementor-top-section elementor-element elementor-element-d6976d5 elementor-section-boxed elementor-section-height-default elementor-section-height-default\" data-id=\"d6976d5\" data-element_type=\"section\">\n\t\t\t\t\t\t<div class=\"elementor-container elementor-column-gap-default\">\n\t\t\t\t\t<div class=\"elementor-column elementor-col-100 elementor-top-column elementor-element elementor-element-7e01d61\" data-id=\"7e01d61\" data-element_type=\"column\">\n\t\t\t<div class=\"elementor-widget-wrap elementor-element-populated\">\n\t\t\t\t\t\t<div class=\"elementor-element elementor-element-208f0be elementor-widget elementor-widget-spacer\" data-id=\"208f0be\" data-element_type=\"widget\" data-widget_type=\"spacer.default\">\n\t\t\t\t<div class=\"elementor-widget-container\">\n\t\t\t\t\t\t\t<div class=\"elementor-spacer\">\n\t\t\t<div class=\"elementor-spacer-inner\"><\/div>\n\t\t<\/div>\n\t\t\t\t\t\t<\/div>\n\t\t\t\t<\/div>\n\t\t\t\t\t<\/div>\n\t\t<\/div>\n\t\t\t\t\t<\/div>\n\t\t<\/section>\n\t\t\t\t<section class=\"elementor-section elementor-top-section elementor-element elementor-element-3a65c4f elementor-section-boxed elementor-section-height-default elementor-section-height-default\" data-id=\"3a65c4f\" data-element_type=\"section\">\n\t\t\t\t\t\t<div class=\"elementor-container elementor-column-gap-default\">\n\t\t\t\t\t<div class=\"elementor-column elementor-col-100 elementor-top-column elementor-element elementor-element-e764ceb\" data-id=\"e764ceb\" data-element_type=\"column\">\n\t\t\t<div class=\"elementor-widget-wrap elementor-element-populated\">\n\t\t\t\t\t\t<div class=\"elementor-element elementor-element-b07537e elementor-widget elementor-widget-image\" data-id=\"b07537e\" data-element_type=\"widget\" data-widget_type=\"image.default\">\n\t\t\t\t<div class=\"elementor-widget-container\">\n\t\t\t\t\t\t\t\t\t\t\t\t\t\t\t<img decoding=\"async\" width=\"1024\" height=\"575\" src=\"https:\/\/gitedurelais.com\/wp-content\/uploads\/2026\/03\/tabl-act-1024x575.jpg\" class=\"attachment-large size-large wp-image-282\" alt=\"\" srcset=\"https:\/\/gitedurelais.com\/wp-content\/uploads\/2026\/03\/tabl-act-1024x575.jpg 1024w, https:\/\/gitedurelais.com\/wp-content\/uploads\/2026\/03\/tabl-act-300x169.jpg 300w, https:\/\/gitedurelais.com\/wp-content\/uploads\/2026\/03\/tabl-act-768x431.jpg 768w, https:\/\/gitedurelais.com\/wp-content\/uploads\/2026\/03\/tabl-act-1536x863.jpg 1536w, https:\/\/gitedurelais.com\/wp-content\/uploads\/2026\/03\/tabl-act-2048x1151.jpg 2048w\" sizes=\"(max-width: 1024px) 100vw, 1024px\" \/>\t\t\t\t\t\t\t\t\t\t\t\t\t\t\t<\/div>\n\t\t\t\t<\/div>\n\t\t\t\t\t<\/div>\n\t\t<\/div>\n\t\t\t\t\t<\/div>\n\t\t<\/section>\n\t\t\t\t<section class=\"elementor-section elementor-top-section elementor-element elementor-element-7d40dc9 elementor-section-boxed elementor-section-height-default elementor-section-height-default\" data-id=\"7d40dc9\" data-element_type=\"section\">\n\t\t\t\t\t\t<div class=\"elementor-container elementor-column-gap-default\">\n\t\t\t\t\t<div class=\"elementor-column elementor-col-100 elementor-top-column elementor-element elementor-element-302a571\" data-id=\"302a571\" data-element_type=\"column\">\n\t\t\t<div class=\"elementor-widget-wrap elementor-element-populated\">\n\t\t\t\t\t\t<div class=\"elementor-element elementor-element-c91edde elementor-widget elementor-widget-spacer\" data-id=\"c91edde\" data-element_type=\"widget\" data-widget_type=\"spacer.default\">\n\t\t\t\t<div class=\"elementor-widget-container\">\n\t\t\t\t\t\t\t<div class=\"elementor-spacer\">\n\t\t\t<div class=\"elementor-spacer-inner\"><\/div>\n\t\t<\/div>\n\t\t\t\t\t\t<\/div>\n\t\t\t\t<\/div>\n\t\t\t\t\t<\/div>\n\t\t<\/div>\n\t\t\t\t\t<\/div>\n\t\t<\/section>\n\t\t\t\t<section class=\"elementor-section elementor-top-section elementor-element elementor-element-755e77c elementor-section-boxed elementor-section-height-default elementor-section-height-default\" data-id=\"755e77c\" data-element_type=\"section\">\n\t\t\t\t\t\t<div class=\"elementor-container elementor-column-gap-default\">\n\t\t\t\t\t<div class=\"elementor-column elementor-col-100 elementor-top-column elementor-element elementor-element-a01fd6e\" data-id=\"a01fd6e\" data-element_type=\"column\">\n\t\t\t<div class=\"elementor-widget-wrap elementor-element-populated\">\n\t\t\t\t\t\t<div class=\"elementor-element elementor-element-5d4cba8 elementor-widget elementor-widget-google_maps\" data-id=\"5d4cba8\" data-element_type=\"widget\" data-widget_type=\"google_maps.default\">\n\t\t\t\t<div class=\"elementor-widget-container\">\n\t\t\t\t\t\t\t<div class=\"elementor-custom-embed\">\n\t\t\t<iframe loading=\"lazy\"\n\t\t\t\t\tsrc=\"https:\/\/maps.google.com\/maps?q=2%20ruelle%20des%20deux%20ponts%2010210%20pargues&#038;t=m&#038;z=10&#038;output=embed&#038;iwloc=near\"\n\t\t\t\t\ttitle=\"2 ruelle des deux ponts 10210 pargues\"\n\t\t\t\t\taria-label=\"2 ruelle des deux ponts 10210 pargues\"\n\t\t\t><\/iframe>\n\t\t<\/div>\n\t\t\t\t\t\t<\/div>\n\t\t\t\t<\/div>\n\t\t\t\t\t<\/div>\n\t\t<\/div>\n\t\t\t\t\t<\/div>\n\t\t<\/section>\n\t\t\t\t<section class=\"elementor-section elementor-top-section elementor-element elementor-element-fc00b60 elementor-section-boxed elementor-section-height-default elementor-section-height-default\" data-id=\"fc00b60\" data-element_type=\"section\">\n\t\t\t\t\t\t<div class=\"elementor-container elementor-column-gap-default\">\n\t\t\t\t\t<div class=\"elementor-column elementor-col-100 elementor-top-column elementor-element elementor-element-6f4d45d\" data-id=\"6f4d45d\" data-element_type=\"column\">\n\t\t\t<div class=\"elementor-widget-wrap\">\n\t\t\t\t\t\t\t<\/div>\n\t\t<\/div>\n\t\t\t\t\t<\/div>\n\t\t<\/section>\n\t\t\t\t<\/div>\n\t\t","protected":false},"excerpt":{"rendered":"<p>Activit\u00e9s Alentours Retrouvez de nombreuses activit\u00e9s \u00e0 proximit\u00e9 pour d\u00e9couvrir notre belle r\u00e9gion et vous ressourcer : plans d\u2019eau, sentiers de randonn\u00e9e, longue v\u00e9lovoie et vastes for\u00eats pour de superbes escapades au vert. Nous vous indiquerons \u00e9galement nos meilleures adresses pour des d\u00e9gustations de champagne, des parcours d\u2019accrobranche et bien d\u2019autres activit\u00e9s pour les grands&#8230;<\/p>\n","protected":false},"author":1,"featured_media":0,"parent":0,"menu_order":0,"comment_status":"closed","ping_status":"closed","template":"","meta":{"_kad_post_transparent":"","_kad_post_title":"hide","_kad_post_layout":"fullwidth","_kad_post_sidebar_id":"","_kad_post_content_style":"unboxed","_kad_post_vertical_padding":"hide","_kad_post_feature":"hide","_kad_post_feature_position":"","_kad_post_header":false,"_kad_post_footer":false,"_kad_post_classname":"","footnotes":""},"class_list":["post-236","page","type-page","status-publish","hentry"],"_links":{"self":[{"href":"https:\/\/gitedurelais.com\/index.php\/wp-json\/wp\/v2\/pages\/236","targetHints":{"allow":["GET"]}}],"collection":[{"href":"https:\/\/gitedurelais.com\/index.php\/wp-json\/wp\/v2\/pages"}],"about":[{"href":"https:\/\/gitedurelais.com\/index.php\/wp-json\/wp\/v2\/types\/page"}],"author":[{"embeddable":true,"href":"https:\/\/gitedurelais.com\/index.php\/wp-json\/wp\/v2\/users\/1"}],"replies":[{"embeddable":true,"href":"https:\/\/gitedurelais.com\/index.php\/wp-json\/wp\/v2\/comments?post=236"}],"version-history":[{"count":55,"href":"https:\/\/gitedurelais.com\/index.php\/wp-json\/wp\/v2\/pages\/236\/revisions"}],"predecessor-version":[{"id":306,"href":"https:\/\/gitedurelais.com\/index.php\/wp-json\/wp\/v2\/pages\/236\/revisions\/306"}],"wp:attachment":[{"href":"https:\/\/gitedurelais.com\/index.php\/wp-json\/wp\/v2\/media?parent=236"}],"curies":[{"name":"wp","href":"https:\/\/api.w.org\/{rel}","templated":true}]}}