{"id":16,"date":"2025-12-29T19:57:18","date_gmt":"2025-12-29T18:57:18","guid":{"rendered":"https:\/\/gitedurelais.com\/?page_id=16"},"modified":"2026-01-06T21:51:54","modified_gmt":"2026-01-06T20:51:54","slug":"hebergement-1","status":"publish","type":"page","link":"https:\/\/gitedurelais.com\/index.php\/hebergement-1\/","title":{"rendered":"H\u00e9bergement 1"},"content":{"rendered":"\t\t<div data-elementor-type=\"wp-page\" data-elementor-id=\"16\" class=\"elementor elementor-16\">\n\t\t\t\t\t\t<section class=\"elementor-section elementor-top-section elementor-element elementor-element-5ba0ef7 elementor-section-boxed elementor-section-height-default elementor-section-height-default\" data-id=\"5ba0ef7\" data-element_type=\"section\" data-settings=\"{&quot;background_background&quot;:&quot;classic&quot;}\">\n\t\t\t\t\t\t<div class=\"elementor-container elementor-column-gap-default\">\n\t\t\t\t\t<div class=\"elementor-column elementor-col-100 elementor-top-column elementor-element elementor-element-89aacb0\" data-id=\"89aacb0\" data-element_type=\"column\">\n\t\t\t<div class=\"elementor-widget-wrap elementor-element-populated\">\n\t\t\t\t\t\t<div class=\"elementor-element elementor-element-c5d1ae3 elementor-widget elementor-widget-image\" data-id=\"c5d1ae3\" data-element_type=\"widget\" data-widget_type=\"image.default\">\n\t\t\t\t<div class=\"elementor-widget-container\">\n\t\t\t\t\t\t\t\t\t\t\t\t\t\t\t<img fetchpriority=\"high\" decoding=\"async\" width=\"1024\" height=\"688\" src=\"https:\/\/gitedurelais.com\/wp-content\/uploads\/2026\/01\/petit-Gite-1-1024x688.png\" class=\"attachment-large size-large wp-image-166\" alt=\"\" srcset=\"https:\/\/gitedurelais.com\/wp-content\/uploads\/2026\/01\/petit-Gite-1-1024x688.png 1024w, https:\/\/gitedurelais.com\/wp-content\/uploads\/2026\/01\/petit-Gite-1-300x202.png 300w, https:\/\/gitedurelais.com\/wp-content\/uploads\/2026\/01\/petit-Gite-1-768x516.png 768w, https:\/\/gitedurelais.com\/wp-content\/uploads\/2026\/01\/petit-Gite-1.png 1042w\" sizes=\"(max-width: 1024px) 100vw, 1024px\" \/>\t\t\t\t\t\t\t\t\t\t\t\t\t\t\t<\/div>\n\t\t\t\t<\/div>\n\t\t\t\t\t<\/div>\n\t\t<\/div>\n\t\t\t\t\t<\/div>\n\t\t<\/section>\n\t\t\t\t<section class=\"elementor-section elementor-top-section elementor-element elementor-element-a8461a6 elementor-section-boxed elementor-section-height-default elementor-section-height-default\" data-id=\"a8461a6\" data-element_type=\"section\" data-settings=\"{&quot;background_background&quot;:&quot;classic&quot;}\">\n\t\t\t\t\t\t<div class=\"elementor-container elementor-column-gap-default\">\n\t\t\t\t\t<div class=\"elementor-column elementor-col-25 elementor-top-column elementor-element elementor-element-8afb80d\" data-id=\"8afb80d\" data-element_type=\"column\">\n\t\t\t<div class=\"elementor-widget-wrap elementor-element-populated\">\n\t\t\t\t\t\t<div class=\"elementor-element elementor-element-3447bf9 elementor-widget elementor-widget-image\" data-id=\"3447bf9\" data-element_type=\"widget\" data-widget_type=\"image.default\">\n\t\t\t\t<div class=\"elementor-widget-container\">\n\t\t\t\t\t\t\t\t\t\t\t\t\t\t\t<img decoding=\"async\" width=\"1024\" height=\"683\" src=\"https:\/\/gitedurelais.com\/wp-content\/uploads\/2026\/01\/petit-Gite-2-1024x683.png\" class=\"attachment-large size-large wp-image-167\" alt=\"\" srcset=\"https:\/\/gitedurelais.com\/wp-content\/uploads\/2026\/01\/petit-Gite-2-1024x683.png 1024w, https:\/\/gitedurelais.com\/wp-content\/uploads\/2026\/01\/petit-Gite-2-300x200.png 300w, https:\/\/gitedurelais.com\/wp-content\/uploads\/2026\/01\/petit-Gite-2-768x512.png 768w, https:\/\/gitedurelais.com\/wp-content\/uploads\/2026\/01\/petit-Gite-2.png 1038w\" sizes=\"(max-width: 1024px) 100vw, 1024px\" \/>\t\t\t\t\t\t\t\t\t\t\t\t\t\t\t<\/div>\n\t\t\t\t<\/div>\n\t\t\t\t<div class=\"elementor-element elementor-element-e59afac elementor-widget elementor-widget-image\" data-id=\"e59afac\" data-element_type=\"widget\" data-widget_type=\"image.default\">\n\t\t\t\t<div class=\"elementor-widget-container\">\n\t\t\t\t\t\t\t\t\t\t\t\t\t\t\t<img decoding=\"async\" width=\"1024\" height=\"682\" src=\"https:\/\/gitedurelais.com\/wp-content\/uploads\/2026\/01\/petit-Gite-6-1024x682.jpg\" class=\"attachment-large size-large wp-image-169\" alt=\"\" srcset=\"https:\/\/gitedurelais.com\/wp-content\/uploads\/2026\/01\/petit-Gite-6-1024x682.jpg 1024w, https:\/\/gitedurelais.com\/wp-content\/uploads\/2026\/01\/petit-Gite-6-300x200.jpg 300w, https:\/\/gitedurelais.com\/wp-content\/uploads\/2026\/01\/petit-Gite-6-768x511.jpg 768w, https:\/\/gitedurelais.com\/wp-content\/uploads\/2026\/01\/petit-Gite-6.jpg 1500w\" sizes=\"(max-width: 1024px) 100vw, 1024px\" \/>\t\t\t\t\t\t\t\t\t\t\t\t\t\t\t<\/div>\n\t\t\t\t<\/div>\n\t\t\t\t\t<\/div>\n\t\t<\/div>\n\t\t\t\t<div class=\"elementor-column elementor-col-25 elementor-top-column elementor-element elementor-element-239a0ff\" data-id=\"239a0ff\" data-element_type=\"column\">\n\t\t\t<div class=\"elementor-widget-wrap elementor-element-populated\">\n\t\t\t\t\t\t<div class=\"elementor-element elementor-element-e6d5439 elementor-widget elementor-widget-image\" data-id=\"e6d5439\" data-element_type=\"widget\" data-widget_type=\"image.default\">\n\t\t\t\t<div class=\"elementor-widget-container\">\n\t\t\t\t\t\t\t\t\t\t\t\t\t\t\t<img loading=\"lazy\" decoding=\"async\" width=\"1024\" height=\"646\" src=\"https:\/\/gitedurelais.com\/wp-content\/uploads\/2026\/01\/petit-Gite-3-1024x646.png\" class=\"attachment-large size-large wp-image-168\" alt=\"\" srcset=\"https:\/\/gitedurelais.com\/wp-content\/uploads\/2026\/01\/petit-Gite-3-1024x646.png 1024w, https:\/\/gitedurelais.com\/wp-content\/uploads\/2026\/01\/petit-Gite-3-300x189.png 300w, https:\/\/gitedurelais.com\/wp-content\/uploads\/2026\/01\/petit-Gite-3-768x484.png 768w, https:\/\/gitedurelais.com\/wp-content\/uploads\/2026\/01\/petit-Gite-3.png 1097w\" sizes=\"(max-width: 1024px) 100vw, 1024px\" \/>\t\t\t\t\t\t\t\t\t\t\t\t\t\t\t<\/div>\n\t\t\t\t<\/div>\n\t\t\t\t<div class=\"elementor-element elementor-element-73c879d elementor-widget elementor-widget-image\" data-id=\"73c879d\" data-element_type=\"widget\" data-widget_type=\"image.default\">\n\t\t\t\t<div class=\"elementor-widget-container\">\n\t\t\t\t\t\t\t\t\t\t\t\t\t\t\t<img loading=\"lazy\" decoding=\"async\" width=\"1024\" height=\"682\" src=\"https:\/\/gitedurelais.com\/wp-content\/uploads\/2026\/01\/petit-Gite-7-1024x682.jpg\" class=\"attachment-large size-large wp-image-170\" alt=\"\" srcset=\"https:\/\/gitedurelais.com\/wp-content\/uploads\/2026\/01\/petit-Gite-7-1024x682.jpg 1024w, https:\/\/gitedurelais.com\/wp-content\/uploads\/2026\/01\/petit-Gite-7-300x200.jpg 300w, https:\/\/gitedurelais.com\/wp-content\/uploads\/2026\/01\/petit-Gite-7-768x511.jpg 768w, https:\/\/gitedurelais.com\/wp-content\/uploads\/2026\/01\/petit-Gite-7.jpg 1500w\" sizes=\"(max-width: 1024px) 100vw, 1024px\" \/>\t\t\t\t\t\t\t\t\t\t\t\t\t\t\t<\/div>\n\t\t\t\t<\/div>\n\t\t\t\t\t<\/div>\n\t\t<\/div>\n\t\t\t\t<div class=\"elementor-column elementor-col-25 elementor-top-column elementor-element elementor-element-81bd88f\" data-id=\"81bd88f\" data-element_type=\"column\">\n\t\t\t<div class=\"elementor-widget-wrap elementor-element-populated\">\n\t\t\t\t\t\t<div class=\"elementor-element elementor-element-b68bf3f elementor-invisible elementor-widget elementor-widget-image\" data-id=\"b68bf3f\" data-element_type=\"widget\" data-settings=\"{&quot;_animation&quot;:&quot;fadeIn&quot;}\" data-widget_type=\"image.default\">\n\t\t\t\t<div class=\"elementor-widget-container\">\n\t\t\t\t\t\t\t\t\t\t\t\t\t\t\t<img loading=\"lazy\" decoding=\"async\" width=\"1024\" height=\"682\" src=\"https:\/\/gitedurelais.com\/wp-content\/uploads\/2026\/01\/petit-Gite-8-1024x682.jpg\" class=\"attachment-large size-large wp-image-178\" alt=\"\" srcset=\"https:\/\/gitedurelais.com\/wp-content\/uploads\/2026\/01\/petit-Gite-8-1024x682.jpg 1024w, https:\/\/gitedurelais.com\/wp-content\/uploads\/2026\/01\/petit-Gite-8-300x200.jpg 300w, https:\/\/gitedurelais.com\/wp-content\/uploads\/2026\/01\/petit-Gite-8-768x511.jpg 768w, https:\/\/gitedurelais.com\/wp-content\/uploads\/2026\/01\/petit-Gite-8.jpg 1500w\" sizes=\"(max-width: 1024px) 100vw, 1024px\" \/>\t\t\t\t\t\t\t\t\t\t\t\t\t\t\t<\/div>\n\t\t\t\t<\/div>\n\t\t\t\t<div class=\"elementor-element elementor-element-1c69de5 elementor-widget elementor-widget-text-editor\" data-id=\"1c69de5\" data-element_type=\"widget\" data-widget_type=\"text-editor.default\">\n\t\t\t\t<div class=\"elementor-widget-container\">\n\t\t\t\t\t\t\t\t\t<ul><li><strong>Des chambres spacieuses et lumineuses, ainsi que espaces de vie commune agr\u00e9able, aussi bien en int\u00e9rieur qu&rsquo;en ext\u00e9rieur.<\/strong><\/li><\/ul>\t\t\t\t\t\t\t\t<\/div>\n\t\t\t\t<\/div>\n\t\t\t\t\t<\/div>\n\t\t<\/div>\n\t\t\t\t<div class=\"elementor-column elementor-col-25 elementor-top-column elementor-element elementor-element-8acabf1\" data-id=\"8acabf1\" data-element_type=\"column\">\n\t\t\t<div class=\"elementor-widget-wrap elementor-element-populated\">\n\t\t\t\t\t\t<div class=\"elementor-element elementor-element-ebbdb80 elementor-widget elementor-widget-text-editor\" data-id=\"ebbdb80\" data-element_type=\"widget\" data-widget_type=\"text-editor.default\">\n\t\t\t\t<div class=\"elementor-widget-container\">\n\t\t\t\t\t\t\t\t\t<p>Pour r\u00e9server ce gite, pour 1 \u00e0 4 personnes, avec lit d&rsquo;appoint possible pour 2 personnes suppl\u00e9mentaires, cliquez <a href=\"https:\/\/gitedurelais.com\/index.php\/disponibilites-reservation\/\">ici<\/a><\/p>\t\t\t\t\t\t\t\t<\/div>\n\t\t\t\t<\/div>\n\t\t\t\t\t<\/div>\n\t\t<\/div>\n\t\t\t\t\t<\/div>\n\t\t<\/section>\n\t\t\t\t<section class=\"elementor-section elementor-top-section elementor-element elementor-element-070533e elementor-section-boxed elementor-section-height-default elementor-section-height-default\" data-id=\"070533e\" data-element_type=\"section\" data-settings=\"{&quot;background_background&quot;:&quot;classic&quot;}\">\n\t\t\t\t\t\t<div class=\"elementor-container elementor-column-gap-default\">\n\t\t\t\t\t<div class=\"elementor-column elementor-col-100 elementor-top-column elementor-element elementor-element-9e14cef\" data-id=\"9e14cef\" data-element_type=\"column\">\n\t\t\t<div class=\"elementor-widget-wrap elementor-element-populated\">\n\t\t\t\t\t\t<div class=\"elementor-element elementor-element-a7f5d0a elementor-widget elementor-widget-image\" data-id=\"a7f5d0a\" data-element_type=\"widget\" data-widget_type=\"image.default\">\n\t\t\t\t<div class=\"elementor-widget-container\">\n\t\t\t\t\t\t\t\t\t\t\t\t\t\t\t<img loading=\"lazy\" decoding=\"async\" width=\"1024\" height=\"683\" src=\"https:\/\/gitedurelais.com\/wp-content\/uploads\/2026\/01\/petit-Gite-5-1024x683.png\" class=\"attachment-large size-large wp-image-171\" alt=\"\" srcset=\"https:\/\/gitedurelais.com\/wp-content\/uploads\/2026\/01\/petit-Gite-5-1024x683.png 1024w, https:\/\/gitedurelais.com\/wp-content\/uploads\/2026\/01\/petit-Gite-5-300x200.png 300w, https:\/\/gitedurelais.com\/wp-content\/uploads\/2026\/01\/petit-Gite-5-768x512.png 768w, https:\/\/gitedurelais.com\/wp-content\/uploads\/2026\/01\/petit-Gite-5.png 1035w\" sizes=\"(max-width: 1024px) 100vw, 1024px\" \/>\t\t\t\t\t\t\t\t\t\t\t\t\t\t\t<\/div>\n\t\t\t\t<\/div>\n\t\t\t\t<div class=\"elementor-element elementor-element-250a47a elementor-widget elementor-widget-image\" data-id=\"250a47a\" data-element_type=\"widget\" data-widget_type=\"image.default\">\n\t\t\t\t<div class=\"elementor-widget-container\">\n\t\t\t\t\t\t\t\t\t\t\t\t\t\t\t<img loading=\"lazy\" decoding=\"async\" width=\"1024\" height=\"676\" src=\"https:\/\/gitedurelais.com\/wp-content\/uploads\/2026\/01\/petit-Gite-4-1024x676.png\" class=\"attachment-large size-large wp-image-172\" alt=\"\" srcset=\"https:\/\/gitedurelais.com\/wp-content\/uploads\/2026\/01\/petit-Gite-4-1024x676.png 1024w, https:\/\/gitedurelais.com\/wp-content\/uploads\/2026\/01\/petit-Gite-4-300x198.png 300w, https:\/\/gitedurelais.com\/wp-content\/uploads\/2026\/01\/petit-Gite-4-768x507.png 768w, https:\/\/gitedurelais.com\/wp-content\/uploads\/2026\/01\/petit-Gite-4.png 1027w\" sizes=\"(max-width: 1024px) 100vw, 1024px\" \/>\t\t\t\t\t\t\t\t\t\t\t\t\t\t\t<\/div>\n\t\t\t\t<\/div>\n\t\t\t\t\t<\/div>\n\t\t<\/div>\n\t\t\t\t\t<\/div>\n\t\t<\/section>\n\t\t\t\t<\/div>\n\t\t","protected":false},"excerpt":{"rendered":"<p>Des chambres spacieuses et lumineuses, ainsi que espaces de vie commune agr\u00e9able, aussi bien en int\u00e9rieur qu&rsquo;en ext\u00e9rieur. Pour r\u00e9server ce gite, pour 1 \u00e0 4 personnes, avec lit d&rsquo;appoint possible pour 2 personnes suppl\u00e9mentaires, cliquez ici<\/p>\n","protected":false},"author":1,"featured_media":0,"parent":0,"menu_order":0,"comment_status":"closed","ping_status":"closed","template":"","meta":{"_kad_post_transparent":"","_kad_post_title":"hide","_kad_post_layout":"fullwidth","_kad_post_sidebar_id":"","_kad_post_content_style":"unboxed","_kad_post_vertical_padding":"hide","_kad_post_feature":"hide","_kad_post_feature_position":"","_kad_post_header":false,"_kad_post_footer":false,"_kad_post_classname":"","footnotes":""},"class_list":["post-16","page","type-page","status-publish","hentry"],"_links":{"self":[{"href":"https:\/\/gitedurelais.com\/index.php\/wp-json\/wp\/v2\/pages\/16","targetHints":{"allow":["GET"]}}],"collection":[{"href":"https:\/\/gitedurelais.com\/index.php\/wp-json\/wp\/v2\/pages"}],"about":[{"href":"https:\/\/gitedurelais.com\/index.php\/wp-json\/wp\/v2\/types\/page"}],"author":[{"embeddable":true,"href":"https:\/\/gitedurelais.com\/index.php\/wp-json\/wp\/v2\/users\/1"}],"replies":[{"embeddable":true,"href":"https:\/\/gitedurelais.com\/index.php\/wp-json\/wp\/v2\/comments?post=16"}],"version-history":[{"count":28,"href":"https:\/\/gitedurelais.com\/index.php\/wp-json\/wp\/v2\/pages\/16\/revisions"}],"predecessor-version":[{"id":240,"href":"https:\/\/gitedurelais.com\/index.php\/wp-json\/wp\/v2\/pages\/16\/revisions\/240"}],"wp:attachment":[{"href":"https:\/\/gitedurelais.com\/index.php\/wp-json\/wp\/v2\/media?parent=16"}],"curies":[{"name":"wp","href":"https:\/\/api.w.org\/{rel}","templated":true}]}}